{"id":136,"date":"2025-10-28T10:40:03","date_gmt":"2025-10-28T10:40:03","guid":{"rendered":"https:\/\/imannalight.com\/?page_id=136"},"modified":"2026-02-03T14:04:57","modified_gmt":"2026-02-03T14:04:57","slug":"consultations","status":"publish","type":"page","link":"https:\/\/imannalight.com\/index.php\/consultations\/","title":{"rendered":"Consultations"},"content":{"rendered":"<p>[et_pb_section fb_built=\u00a0\u00bb1&Prime; _builder_version=\u00a0\u00bb4.20.2&Prime; _module_preset=\u00a0\u00bbdefault\u00a0\u00bb global_colors_info=\u00a0\u00bb{}\u00a0\u00bb][et_pb_row _builder_version=\u00a0\u00bb4.20.2&Prime; _module_preset=\u00a0\u00bbdefault\u00a0\u00bb global_colors_info=\u00a0\u00bb{}\u00a0\u00bb][et_pb_column type=\u00a0\u00bb4_4&Prime; _builder_version=\u00a0\u00bb4.20.2&Prime; _module_preset=\u00a0\u00bbdefault\u00a0\u00bb global_colors_info=\u00a0\u00bb{}\u00a0\u00bb][et_pb_text _builder_version=\u00a0\u00bb4.20.2&Prime; _module_preset=\u00a0\u00bbdefault\u00a0\u00bb global_colors_info=\u00a0\u00bb{}\u00a0\u00bb]<\/p>\n<h1 style=\"text-align: center;\"><strong>CONSULTATIONS D\u2019\u00c2ME &amp; TRANSFORMATION<\/strong><\/h1>\n<p>[\/et_pb_text][\/et_pb_column][\/et_pb_row][et_pb_row column_structure=\u00a0\u00bb1_2,1_2&Prime; _builder_version=\u00a0\u00bb4.20.2&Prime; _module_preset=\u00a0\u00bbdefault\u00a0\u00bb custom_padding=\u00a0\u00bb14px|||||\u00a0\u00bb global_colors_info=\u00a0\u00bb{}\u00a0\u00bb][et_pb_column type=\u00a0\u00bb1_2&Prime; _builder_version=\u00a0\u00bb4.20.2&Prime; _module_preset=\u00a0\u00bbdefault\u00a0\u00bb global_colors_info=\u00a0\u00bb{}\u00a0\u00bb][et_pb_image src=\u00a0\u00bbhttp:\/\/imannalight.com\/wp-content\/uploads\/2025\/12\/A_luminous_celestial_compass_.png\u00a0\u00bb title_text=\u00a0\u00bbA_luminous_celestial_compass_\u00a0\u00bb align=\u00a0\u00bbcenter\u00a0\u00bb _builder_version=\u00a0\u00bb4.20.2&Prime; _module_preset=\u00a0\u00bbdefault\u00a0\u00bb global_colors_info=\u00a0\u00bb{}\u00a0\u00bb][\/et_pb_image][\/et_pb_column][et_pb_column type=\u00a0\u00bb1_2&Prime; _builder_version=\u00a0\u00bb4.20.2&Prime; _module_preset=\u00a0\u00bbdefault\u00a0\u00bb global_colors_info=\u00a0\u00bb{}\u00a0\u00bb][et_pb_text _builder_version=\u00a0\u00bb4.20.2&Prime; _module_preset=\u00a0\u00bbdefault\u00a0\u00bb min_height=\u00a0\u00bb10.4px\u00a0\u00bb custom_padding=\u00a0\u00bb96px|||||\u00a0\u00bb hover_enabled=\u00a0\u00bb0&Prime; global_colors_info=\u00a0\u00bb{}\u00a0\u00bb sticky_enabled=\u00a0\u00bb0&Prime;]<\/p>\n<h2 style=\"text-align: center;\"><span style=\"color: #000000;\"><strong>S\u00c9ANCE KAIROS<\/strong><\/span><\/h2>\n<p>[\/et_pb_text][\/et_pb_column][\/et_pb_row][et_pb_row _builder_version=\u00a0\u00bb4.20.2&Prime; _module_preset=\u00a0\u00bbdefault\u00a0\u00bb global_colors_info=\u00a0\u00bb{}\u00a0\u00bb][et_pb_column type=\u00a0\u00bb4_4&Prime; _builder_version=\u00a0\u00bb4.20.2&Prime; _module_preset=\u00a0\u00bbdefault\u00a0\u00bb global_colors_info=\u00a0\u00bb{}\u00a0\u00bb][et_pb_text _builder_version=\u00a0\u00bb4.20.2&Prime; _module_preset=\u00a0\u00bbdefault\u00a0\u00bb text_text_color=\u00a0\u00bb#000000&Prime; background_color=\u00a0\u00bb#E09900&Prime; min_height=\u00a0\u00bb89.3px\u00a0\u00bb custom_margin=\u00a0\u00bb||18px|||\u00a0\u00bb custom_padding=\u00a0\u00bb0px|||||\u00a0\u00bb global_colors_info=\u00a0\u00bb{}\u00a0\u00bb]<\/p>\n<h3 style=\"text-align: center;\"><span style=\"color: #000000;\"><strong><\/strong><\/span><\/h3>\n<h3 style=\"text-align: center;\"><span style=\"color: #000000;\"><strong>Retrouver ton Nord.<br \/>Lire ta trajectoire.<br \/>Poser ton cap.<\/strong><\/span><\/h3>\n<p>&nbsp;<\/p>\n<p>[\/et_pb_text][et_pb_text _builder_version=\u00a0\u00bb4.20.2&Prime; _module_preset=\u00a0\u00bbdefault\u00a0\u00bb custom_margin=\u00a0\u00bb||27px|||\u00a0\u00bb custom_padding=\u00a0\u00bb26px||0px|||\u00a0\u00bb hover_enabled=\u00a0\u00bb0&Prime; global_colors_info=\u00a0\u00bb{}\u00a0\u00bb sticky_enabled=\u00a0\u00bb0&Prime;]<\/p>\n<p><span style=\"color: #000000;\"><strong>Quand les rep\u00e8res bougent, il ne s\u2019agit pas d\u2019aller plus vite.<\/strong><\/span><\/p>\n<p><span style=\"color: #000000;\"><strong>KAIROS<\/strong> est une s\u00e9ance de <strong>lecture de trajectoire<\/strong>.<\/span><br \/><span style=\"color: #000000;\">Elle s\u2019adresse aux personnes &#8211; femmes et hommes &#8211; qui traversent un moment de bascule, de transition ou de repositionnement, et qui sentent que les anciennes mani\u00e8res de d\u00e9cider ne fonctionnent plus.<\/span><\/p>\n<p><span style=\"color: #000000;\">Ce n\u2019est pas un soin.<\/span><br \/><span style=\"color: #000000;\">Ce n\u2019est pas du coaching.<\/span><br \/><span style=\"color: #000000;\">Ce n\u2019est pas une guidance vague.<\/span><\/p>\n<p><span style=\"color: #000000;\">C\u2019est un <strong>\u00e9clairage pr\u00e9cis, lucide et incarn\u00e9<\/strong>.<\/span><\/p>\n<p>[\/et_pb_text][\/et_pb_column][\/et_pb_row][et_pb_row _builder_version=\u00a0\u00bb4.20.2&Prime; _module_preset=\u00a0\u00bbdefault\u00a0\u00bb global_colors_info=\u00a0\u00bb{}\u00a0\u00bb][et_pb_column type=\u00a0\u00bb4_4&Prime; _builder_version=\u00a0\u00bb4.20.2&Prime; _module_preset=\u00a0\u00bbdefault\u00a0\u00bb global_colors_info=\u00a0\u00bb{}\u00a0\u00bb][et_pb_text _builder_version=\u00a0\u00bb4.20.2&Prime; _module_preset=\u00a0\u00bbdefault\u00a0\u00bb global_colors_info=\u00a0\u00bb{}\u00a0\u00bb]<\/p>\n<p><span style=\"color: #000000;\"><strong>Ma posture<\/strong><\/span><\/p>\n<p><span style=\"color: #000000;\"><strong><\/strong><\/span><\/p>\n<p><span style=\"color: #000000;\">Je travaille comme <strong>canal incarn\u00e9 et lucide<\/strong>.<\/span><br \/><span style=\"color: #000000;\">Cela signifie que je re\u00e7ois l\u2019information <strong>directement, au fil de la s\u00e9ance<\/strong>, dans une pr\u00e9sence attentive et ajust\u00e9e \u00e0 la personne en face de moi.<\/span><\/p>\n<p><span style=\"color: #000000;\">Il n\u2019y a pas de script.<\/span><br \/><span style=\"color: #000000;\">Pas de grille pr\u00e9\u00e9tablie.<\/span><br \/><span style=\"color: #000000;\">Pas de lecture fig\u00e9e.<\/span><\/p>\n<p><span style=\"color: #000000;\">Les informations arrivent <strong>progressivement<\/strong>, \u00e0 mesure que la s\u00e9ance avance :<\/span><br \/><span style=\"color: #000000;\">ce qui est pr\u00eat \u00e0 \u00eatre vu,<\/span><br \/><span style=\"color: #000000;\">ce qui demande \u00e0 \u00eatre nomm\u00e9,<\/span><br \/><span style=\"color: #000000;\">ce qui peut \u00eatre entendu maintenant.<\/span><\/p>\n<p><span style=\"color: #000000;\">Je traduis avec clart\u00e9 et pr\u00e9cision <strong>ce qui se pr\u00e9sente dans l\u2019instant<\/strong>, sans projection, sans interpr\u00e9tation mentale, sans promesse.<\/span><\/p>\n<p>[\/et_pb_text][\/et_pb_column][\/et_pb_row][\/et_pb_section][et_pb_section fb_built=\u00a0\u00bb1&Prime; _builder_version=\u00a0\u00bb4.20.2&Prime; _module_preset=\u00a0\u00bbdefault\u00a0\u00bb global_colors_info=\u00a0\u00bb{}\u00a0\u00bb][et_pb_row _builder_version=\u00a0\u00bb4.20.2&Prime; _module_preset=\u00a0\u00bbdefault\u00a0\u00bb global_colors_info=\u00a0\u00bb{}\u00a0\u00bb][et_pb_column type=\u00a0\u00bb4_4&Prime; _builder_version=\u00a0\u00bb4.20.2&Prime; _module_preset=\u00a0\u00bbdefault\u00a0\u00bb global_colors_info=\u00a0\u00bb{}\u00a0\u00bb][et_pb_text _builder_version=\u00a0\u00bb4.20.2&Prime; _module_preset=\u00a0\u00bbdefault\u00a0\u00bb global_colors_info=\u00a0\u00bb{}\u00a0\u00bb]<\/p>\n<p><strong>C<span style=\"color: #000000;\">e que nous regardons ensemble<\/span><\/strong><\/p>\n<p>[\/et_pb_text][\/et_pb_column][\/et_pb_row][et_pb_row _builder_version=\u00a0\u00bb4.20.2&Prime; _module_preset=\u00a0\u00bbdefault\u00a0\u00bb custom_padding=\u00a0\u00bb||30px|||\u00a0\u00bb global_colors_info=\u00a0\u00bb{}\u00a0\u00bb][et_pb_column type=\u00a0\u00bb4_4&Prime; _builder_version=\u00a0\u00bb4.20.2&Prime; _module_preset=\u00a0\u00bbdefault\u00a0\u00bb global_colors_info=\u00a0\u00bb{}\u00a0\u00bb][et_pb_text _builder_version=\u00a0\u00bb4.20.2&Prime; _module_preset=\u00a0\u00bbdefault\u00a0\u00bb width=\u00a0\u00bb100%\u00a0\u00bb custom_margin=\u00a0\u00bb|-362px||-1px||\u00a0\u00bb custom_padding=\u00a0\u00bb|0px||||\u00a0\u00bb global_colors_info=\u00a0\u00bb{}\u00a0\u00bb]<\/p>\n<p><span style=\"color: #000000;\">Dans une s\u00e9ance POLARIS, je re\u00e7ois et lis <strong>les mouvements \u00e0 l\u2019\u0153uvre dans ta trajectoire<\/strong> :<\/span><br \/><span style=\"color: #000000;\">les cycles qui sont actifs aujourd\u2019hui,<\/span><br \/><span style=\"color: #000000;\">ceux qui se pr\u00e9parent,<\/span><br \/><span style=\"color: #000000;\">et la mani\u00e8re dont ils interagissent entre eux.<\/span><\/p>\n<p><span style=\"color: #000000;\">C\u2019est une lecture <strong>vivante<\/strong>, comparable \u00e0 une <strong>carte du ciel qui se r\u00e9v\u00e8le au fur et \u00e0 mesure<\/strong>, \u00e9clair\u00e9e par la bonne \u00e9toile :<\/span><br \/><span style=\"color: #000000;\">non pour pr\u00e9dire ou enfermer dans un sc\u00e9nario,<\/span><br \/><span style=\"color: #000000;\">mais pour comprendre le mouvement global, le bon timing,<\/span><br \/><span style=\"color: #000000;\">et la direction la plus juste \u00e0 emprunter maintenant.<\/span><\/p>\n<p>[\/et_pb_text][\/et_pb_column][\/et_pb_row][\/et_pb_section][et_pb_section fb_built=\u00a0\u00bb1&Prime; _builder_version=\u00a0\u00bb4.20.2&Prime; _module_preset=\u00a0\u00bbdefault\u00a0\u00bb custom_padding=\u00a0\u00bb17px|||||\u00a0\u00bb global_colors_info=\u00a0\u00bb{}\u00a0\u00bb][et_pb_row _builder_version=\u00a0\u00bb4.20.2&Prime; _module_preset=\u00a0\u00bbdefault\u00a0\u00bb global_colors_info=\u00a0\u00bb{}\u00a0\u00bb][et_pb_column type=\u00a0\u00bb4_4&Prime; _builder_version=\u00a0\u00bb4.20.2&Prime; _module_preset=\u00a0\u00bbdefault\u00a0\u00bb global_colors_info=\u00a0\u00bb{}\u00a0\u00bb][et_pb_text _builder_version=\u00a0\u00bb4.20.2&Prime; _module_preset=\u00a0\u00bbdefault\u00a0\u00bb global_colors_info=\u00a0\u00bb{}\u00a0\u00bb]<\/p>\n<h3><span style=\"color: #000000;\"><strong>Ce que cette s\u00e9ance apporte<\/strong><\/span><\/h3>\n<p>[\/et_pb_text][\/et_pb_column][\/et_pb_row][et_pb_row _builder_version=\u00a0\u00bb4.20.2&Prime; _module_preset=\u00a0\u00bbdefault\u00a0\u00bb global_colors_info=\u00a0\u00bb{}\u00a0\u00bb][et_pb_column type=\u00a0\u00bb4_4&Prime; _builder_version=\u00a0\u00bb4.20.2&Prime; _module_preset=\u00a0\u00bbdefault\u00a0\u00bb global_colors_info=\u00a0\u00bb{}\u00a0\u00bb][et_pb_text _builder_version=\u00a0\u00bb4.20.2&Prime; _module_preset=\u00a0\u00bbdefault\u00a0\u00bb hover_enabled=\u00a0\u00bb0&Prime; global_colors_info=\u00a0\u00bb{}\u00a0\u00bb sticky_enabled=\u00a0\u00bb0&Prime;]<\/p>\n<p><span style=\"color: #000000;\">En une heure, la lecture est telle que tout devient lisible :<\/span><\/p>\n<ul>\n<li><span style=\"color: #000000;\">O\u00f9 tu en es r\u00e9ellement,<\/span><\/li>\n<li><span style=\"color: #000000;\">Ce qui est en train de se jouer,<\/span><\/li>\n<li><span style=\"color: #000000;\">Ce qui demande \u00e0 se terminer ou \u00e0 s\u2019ouvrir,<\/span><\/li>\n<li><span style=\"color: #000000;\">Et surtout <strong>dans quelle direction aller maintenant<\/strong>.<\/span><\/li>\n<\/ul>\n<p><span style=\"color: #000000;\">Je te montre ton cap.<\/span><br \/><span style=\"color: #000000;\">Quand la direction est claire, le calme revient naturellement.<\/span><\/p>\n<p><span style=\"color: #000000;\">Les retours les plus fr\u00e9quents sont simples et constants :<\/span><br \/><span style=\"color: #000000;\"><em>\u00ab Je comprends. \u00bb<\/em><\/span><br \/><span style=\"color: #000000;\"><em>\u00ab Je vois clair. \u00bb<\/em><\/span><br \/><span style=\"color: #000000;\"><em>\u00ab Je sais o\u00f9 aller. \u00bb<\/em><\/span><\/p>\n<p>[\/et_pb_text][\/et_pb_column][\/et_pb_row][et_pb_row _builder_version=\u00a0\u00bb4.20.2&Prime; _module_preset=\u00a0\u00bbdefault\u00a0\u00bb global_colors_info=\u00a0\u00bb{}\u00a0\u00bb][et_pb_column type=\u00a0\u00bb4_4&Prime; _builder_version=\u00a0\u00bb4.20.2&Prime; _module_preset=\u00a0\u00bbdefault\u00a0\u00bb global_colors_info=\u00a0\u00bb{}\u00a0\u00bb][et_pb_text _builder_version=\u00a0\u00bb4.20.2&Prime; _module_preset=\u00a0\u00bbdefault\u00a0\u00bb hover_enabled=\u00a0\u00bb0&Prime; global_colors_info=\u00a0\u00bb{}\u00a0\u00bb sticky_enabled=\u00a0\u00bb0&Prime;]<\/p>\n<h2><span style=\"color: #000000;\"><strong>\u00c0 qui s\u2019adresse KAIROS<\/strong><\/span><\/h2>\n<p>[\/et_pb_text][\/et_pb_column][\/et_pb_row][et_pb_row _builder_version=\u00a0\u00bb4.20.2&Prime; _module_preset=\u00a0\u00bbdefault\u00a0\u00bb global_colors_info=\u00a0\u00bb{}\u00a0\u00bb][et_pb_column type=\u00a0\u00bb4_4&Prime; _builder_version=\u00a0\u00bb4.20.2&Prime; _module_preset=\u00a0\u00bbdefault\u00a0\u00bb global_colors_info=\u00a0\u00bb{}\u00a0\u00bb][et_pb_text _builder_version=\u00a0\u00bb4.20.2&Prime; _module_preset=\u00a0\u00bbdefault\u00a0\u00bb global_colors_info=\u00a0\u00bb{}\u00a0\u00bb]<\/p>\n<p><span style=\"color: #000000;\">Cette s\u00e9ance est faite pour celles et ceux qui :<\/span><\/p>\n<ul>\n<li><span style=\"color: #000000;\">Sentent que les cycles changent,<\/span><\/li>\n<li><span style=\"color: #000000;\">Vivent une transition personnelle ou professionnelle,<\/span><\/li>\n<li><span style=\"color: #000000;\">Ont besoin de <strong>clart\u00e9 imm\u00e9diate<\/strong> pour d\u00e9cider,<\/span><\/li>\n<li><span style=\"color: #000000;\">Veulent comprendre leur trajectoire avant d\u2019agir.<\/span><\/li>\n<\/ul>\n<p><span style=\"color: #000000;\">Elle n\u2019est pas faite pour d\u00e9l\u00e9guer ses choix,<\/span><br \/><span style=\"color: #000000;\">ni pour rester dans le flou.<\/span><\/p>\n<p>[\/et_pb_text][\/et_pb_column][\/et_pb_row][\/et_pb_section][et_pb_section fb_built=\u00a0\u00bb1&Prime; _builder_version=\u00a0\u00bb4.20.2&Prime; _module_preset=\u00a0\u00bbdefault\u00a0\u00bb global_colors_info=\u00a0\u00bb{}\u00a0\u00bb][et_pb_row _builder_version=\u00a0\u00bb4.20.2&Prime; _module_preset=\u00a0\u00bbdefault\u00a0\u00bb global_colors_info=\u00a0\u00bb{}\u00a0\u00bb][et_pb_column type=\u00a0\u00bb4_4&Prime; _builder_version=\u00a0\u00bb4.20.2&Prime; _module_preset=\u00a0\u00bbdefault\u00a0\u00bb global_colors_info=\u00a0\u00bb{}\u00a0\u00bb][et_pb_text _builder_version=\u00a0\u00bb4.20.2&Prime; _module_preset=\u00a0\u00bbdefault\u00a0\u00bb global_colors_info=\u00a0\u00bb{}\u00a0\u00bb]<\/p>\n<h2><span style=\"color: #000000;\"><strong>D\u00e9roul\u00e9<\/strong><\/span><\/h2>\n<p>[\/et_pb_text][et_pb_text _builder_version=\u00a0\u00bb4.20.2&Prime; _module_preset=\u00a0\u00bbdefault\u00a0\u00bb global_colors_info=\u00a0\u00bb{}\u00a0\u00bb]<\/p>\n<ul>\n<li><span style=\"color: #000000;\">S\u00e9ance individuelle en visio<\/span><\/li>\n<li><span style=\"color: #000000;\">Dur\u00e9e : 1 heure<\/span><\/li>\n<li><span style=\"color: #000000;\">Lecture vivante de trajectoire, d\u2019axe et de cycles<\/span><\/li>\n<\/ul>\n<p><span style=\"color: #000000;\">\u00c9clairage clair sur les 6 \u00e0 24 mois \u00e0 venir<\/span><\/p>\n<p>[\/et_pb_text][\/et_pb_column][\/et_pb_row][et_pb_row _builder_version=\u00a0\u00bb4.20.2&Prime; _module_preset=\u00a0\u00bbdefault\u00a0\u00bb custom_padding=\u00a0\u00bb27px|||||\u00a0\u00bb global_colors_info=\u00a0\u00bb{}\u00a0\u00bb][et_pb_column type=\u00a0\u00bb4_4&Prime; _builder_version=\u00a0\u00bb4.20.2&Prime; _module_preset=\u00a0\u00bbdefault\u00a0\u00bb global_colors_info=\u00a0\u00bb{}\u00a0\u00bb][et_pb_button button_text=\u00a0\u00bbR\u00e9server une s\u00e9ance KAIROS\u00a0\u00bb button_alignment=\u00a0\u00bbcenter\u00a0\u00bb _builder_version=\u00a0\u00bb4.20.2&Prime; _module_preset=\u00a0\u00bbdefault\u00a0\u00bb custom_button=\u00a0\u00bbon\u00a0\u00bb button_text_color=\u00a0\u00bb#E09900&Prime; hover_enabled=\u00a0\u00bb0&Prime; global_colors_info=\u00a0\u00bb{}\u00a0\u00bb sticky_enabled=\u00a0\u00bb0&Prime;][\/et_pb_button][\/et_pb_column][\/et_pb_row][et_pb_row _builder_version=\u00a0\u00bb4.20.2&Prime; _module_preset=\u00a0\u00bbdefault\u00a0\u00bb global_colors_info=\u00a0\u00bb{}\u00a0\u00bb][et_pb_column type=\u00a0\u00bb4_4&Prime; _builder_version=\u00a0\u00bb4.20.2&Prime; _module_preset=\u00a0\u00bbdefault\u00a0\u00bb global_colors_info=\u00a0\u00bb{}\u00a0\u00bb][et_pb_text _builder_version=\u00a0\u00bb4.20.2&Prime; _module_preset=\u00a0\u00bbdefault\u00a0\u00bb global_colors_info=\u00a0\u00bb{}\u00a0\u00bb]<\/p>\n<p><span style=\"color: #000000;\"><strong>Apr\u00e8s r\u00e8glement, je reviens personnellement vers toi pour fixer le cr\u00e9neau le plus juste.<\/strong><\/span><\/p>\n<p><span style=\"color: #000000;\"><em>(Je privil\u00e9gie toujours un horaire ajust\u00e9 \u00e0 la personne et au moment qu\u2019elle traverse.)<\/em><\/span><\/p>\n<p>[\/et_pb_text][et_pb_text _builder_version=\u00a0\u00bb4.20.2&Prime; _module_preset=\u00a0\u00bbdefault\u00a0\u00bb hover_enabled=\u00a0\u00bb0&Prime; global_colors_info=\u00a0\u00bb{}\u00a0\u00bb sticky_enabled=\u00a0\u00bb0&Prime;]<\/p>\n<p><span style=\"color: #000000;\"><strong>KAIROS &amp; la suite<\/strong><\/span><\/p>\n<p><span style=\"color: #000000;\">KAIROS est un <strong>point de clart\u00e9<\/strong>.<\/span><br \/><span style=\"color: #000000;\">Pour certaines personnes, cette s\u00e9ance suffit \u00e0 se r\u00e9aligner et \u00e0 avancer autrement.<\/span><br \/><span style=\"color: #000000;\">Pour d\u2019autres, elle r\u00e9v\u00e8le qu\u2019un travail de transformation plus profond est m\u00fbr.<\/span><\/p>\n<p><span style=\"color: #000000;\">Dans ce cas, une suite peut \u00eatre envisag\u00e9e naturellement.<\/span><br \/><span style=\"color: #000000;\">Rien n\u2019est propos\u00e9 avant la s\u00e9ance.<\/span><br \/><span style=\"color: #000000;\">Tout se fait dans le respect du timing, de la maturit\u00e9 et de la justesse.<\/span><\/p>\n<p>[\/et_pb_text][\/et_pb_column][\/et_pb_row][\/et_pb_section]<\/p>\n","protected":false},"excerpt":{"rendered":"<p>CONSULTATIONS D\u2019\u00c2ME &amp; TRANSFORMATIONS\u00c9ANCE KAIROS Retrouver ton Nord.Lire ta trajectoire.Poser ton cap. &nbsp;Quand les rep\u00e8res bougent, il ne s\u2019agit pas d\u2019aller plus vite. KAIROS est une s\u00e9ance de lecture de trajectoire.Elle s\u2019adresse aux personnes &#8211; femmes et hommes &#8211; qui traversent un moment de bascule, de transition ou de repositionnement, et qui sentent que les [&hellip;]<\/p>\n","protected":false},"author":1,"featured_media":0,"parent":0,"menu_order":4,"comment_status":"closed","ping_status":"closed","template":"","meta":{"_et_pb_use_builder":"on","_et_pb_old_content":"","_et_gb_content_width":"","footnotes":""},"class_list":["post-136","page","type-page","status-publish","hentry"],"_links":{"self":[{"href":"https:\/\/imannalight.com\/index.php\/wp-json\/wp\/v2\/pages\/136","targetHints":{"allow":["GET"]}}],"collection":[{"href":"https:\/\/imannalight.com\/index.php\/wp-json\/wp\/v2\/pages"}],"about":[{"href":"https:\/\/imannalight.com\/index.php\/wp-json\/wp\/v2\/types\/page"}],"author":[{"embeddable":true,"href":"https:\/\/imannalight.com\/index.php\/wp-json\/wp\/v2\/users\/1"}],"replies":[{"embeddable":true,"href":"https:\/\/imannalight.com\/index.php\/wp-json\/wp\/v2\/comments?post=136"}],"version-history":[{"count":21,"href":"https:\/\/imannalight.com\/index.php\/wp-json\/wp\/v2\/pages\/136\/revisions"}],"predecessor-version":[{"id":524,"href":"https:\/\/imannalight.com\/index.php\/wp-json\/wp\/v2\/pages\/136\/revisions\/524"}],"wp:attachment":[{"href":"https:\/\/imannalight.com\/index.php\/wp-json\/wp\/v2\/media?parent=136"}],"curies":[{"name":"wp","href":"https:\/\/api.w.org\/{rel}","templated":true}]}}