{"id":15,"date":"2025-10-08T17:36:22","date_gmt":"2025-10-08T17:36:22","guid":{"rendered":"http:\/\/imannalight.com\/?page_id=15"},"modified":"2025-12-14T12:09:22","modified_gmt":"2025-12-14T12:09:22","slug":"choisis-ton-chemin","status":"publish","type":"page","link":"https:\/\/imannalight.com\/index.php\/choisis-ton-chemin\/","title":{"rendered":"Choisis ton chemin"},"content":{"rendered":"<p>[et_pb_section fb_built=\u00a0\u00bb1&Prime; _builder_version=\u00a0\u00bb4.20.2&Prime; _module_preset=\u00a0\u00bbdefault\u00a0\u00bb custom_margin=\u00a0\u00bb||-11px|||\u00a0\u00bb custom_padding=\u00a0\u00bb||22px|||\u00a0\u00bb global_colors_info=\u00a0\u00bb{}\u00a0\u00bb][et_pb_row _builder_version=\u00a0\u00bb4.20.2&Prime; _module_preset=\u00a0\u00bbdefault\u00a0\u00bb global_colors_info=\u00a0\u00bb{}\u00a0\u00bb][et_pb_column type=\u00a0\u00bb4_4&Prime; _builder_version=\u00a0\u00bb4.20.2&Prime; _module_preset=\u00a0\u00bbdefault\u00a0\u00bb global_colors_info=\u00a0\u00bb{}\u00a0\u00bb][et_pb_text _builder_version=\u00a0\u00bb4.20.2&Prime; _module_preset=\u00a0\u00bbdefault\u00a0\u00bb global_colors_info=\u00a0\u00bb{}\u00a0\u00bb]<\/p>\n<h1 style=\"text-align: center;\"><span style=\"color: #ff9900;\"><strong>COACHING D\u2019\u00c2ME &amp; TRANSFORMATION<\/strong><\/span><\/h1>\n<p>[\/et_pb_text][\/et_pb_column][\/et_pb_row][et_pb_row _builder_version=\u00a0\u00bb4.20.2&Prime; _module_preset=\u00a0\u00bbdefault\u00a0\u00bb global_colors_info=\u00a0\u00bb{}\u00a0\u00bb][et_pb_column type=\u00a0\u00bb4_4&Prime; _builder_version=\u00a0\u00bb4.20.2&Prime; _module_preset=\u00a0\u00bbdefault\u00a0\u00bb global_colors_info=\u00a0\u00bb{}\u00a0\u00bb][et_pb_text _builder_version=\u00a0\u00bb4.20.2&Prime; _module_preset=\u00a0\u00bbdefault\u00a0\u00bb global_colors_info=\u00a0\u00bb{}\u00a0\u00bb]<\/p>\n<h2 style=\"text-align: center;\"><span style=\"color: #ff9900;\"><strong>Le parcours Mind Leap<\/strong><\/span><\/h2>\n<p>[\/et_pb_text][\/et_pb_column][\/et_pb_row][\/et_pb_section][et_pb_section fb_built=\u00a0\u00bb1&Prime; _builder_version=\u00a0\u00bb4.20.2&Prime; _module_preset=\u00a0\u00bbdefault\u00a0\u00bb background_color=\u00a0\u00bb#E09900&Prime; min_height=\u00a0\u00bb452px\u00a0\u00bb custom_padding=\u00a0\u00bb9px||0px|||\u00a0\u00bb global_colors_info=\u00a0\u00bb{}\u00a0\u00bb][et_pb_row _builder_version=\u00a0\u00bb4.20.2&Prime; _module_preset=\u00a0\u00bbdefault\u00a0\u00bb global_colors_info=\u00a0\u00bb{}\u00a0\u00bb][et_pb_column type=\u00a0\u00bb4_4&Prime; _builder_version=\u00a0\u00bb4.20.2&Prime; _module_preset=\u00a0\u00bbdefault\u00a0\u00bb global_colors_info=\u00a0\u00bb{}\u00a0\u00bb][et_pb_text _builder_version=\u00a0\u00bb4.20.2&Prime; _module_preset=\u00a0\u00bbdefault\u00a0\u00bb global_colors_info=\u00a0\u00bb{}\u00a0\u00bb]<\/p>\n<h3><strong>Une approche d\u2019alchimie int\u00e9grale<\/strong><\/h3>\n<h3>Chaque s\u00e9ance est une porte.<br \/>Un passage qui t\u2019am\u00e8ne \u00e0 \u00e9couter, comprendre et r\u00e9\u00e9crire ton histoire d\u2019\u00e2me.<\/h3>\n<h3>Trois piliers fondent cette m\u00e9thode :<\/h3>\n<p>&nbsp;<\/p>\n<h3><strong>Hypnose spirituelle<\/strong> \u2013 pour revisiter les origines des sch\u00e9mas r\u00e9p\u00e9titifs et en lib\u00e9rer l\u2019\u00e9nergie.<\/h3>\n<p>&nbsp;<\/p>\n<h3><strong>Lecture akashique<\/strong> \u2013 pour recevoir la sagesse de ton \u00e2me et clarifier ta direction.<\/h3>\n<p>&nbsp;<\/p>\n<h3><strong>Coaching d\u2019\u00e2me<\/strong> \u2013 pour traduire ces r\u00e9v\u00e9lations en actions justes et d\u00e9cisions align\u00e9es.<\/h3>\n<h3><\/h3>\n<h3>C\u2019est un accompagnement profond\u00e9ment humain, \u00e9clair\u00e9 par la lumi\u00e8re de l\u2019\u00e2me.<\/h3>\n<p>[\/et_pb_text][\/et_pb_column][\/et_pb_row][\/et_pb_section][et_pb_section fb_built=\u00a0\u00bb1&Prime; _builder_version=\u00a0\u00bb4.20.2&Prime; _module_preset=\u00a0\u00bbdefault\u00a0\u00bb custom_padding=\u00a0\u00bb14px|||||\u00a0\u00bb global_colors_info=\u00a0\u00bb{}\u00a0\u00bb][et_pb_row column_structure=\u00a0\u00bb1_2,1_2&Prime; _builder_version=\u00a0\u00bb4.20.2&Prime; _module_preset=\u00a0\u00bbdefault\u00a0\u00bb custom_padding=\u00a0\u00bb48px|||||\u00a0\u00bb global_colors_info=\u00a0\u00bb{}\u00a0\u00bb][et_pb_column type=\u00a0\u00bb1_2&Prime; _builder_version=\u00a0\u00bb4.20.2&Prime; _module_preset=\u00a0\u00bbdefault\u00a0\u00bb global_colors_info=\u00a0\u00bb{}\u00a0\u00bb][et_pb_text _builder_version=\u00a0\u00bb4.20.2&Prime; _module_preset=\u00a0\u00bbdefault\u00a0\u00bb global_colors_info=\u00a0\u00bb{}\u00a0\u00bb]<\/p>\n<h3 style=\"text-align: center;\"><strong>Les 5 Niveaux du Parcours Mind Leap<\/strong><\/h3>\n<p>[\/et_pb_text][et_pb_text _builder_version=\u00a0\u00bb4.20.2&Prime; _module_preset=\u00a0\u00bbdefault\u00a0\u00bb width=\u00a0\u00bb207%\u00a0\u00bb custom_margin=\u00a0\u00bb|-496px|0px|0px|false|false\u00a0\u00bb custom_padding=\u00a0\u00bb|0px||||\u00a0\u00bb global_colors_info=\u00a0\u00bb{}\u00a0\u00bb]<\/p>\n<table width=\"898\" height=\"742\" style=\"height: 697px;\">\n<thead>\n<tr style=\"height: 58px;\">\n<td style=\"width: 150.2px; height: 58px; text-align: center;\">\n<h3><strong>Niveau<\/strong><\/h3>\n<\/td>\n<td style=\"width: 429.575px; height: 58px; text-align: center;\">\n<h3 style=\"text-align: center;\"><strong>Nom<\/strong><\/h3>\n<\/td>\n<td style=\"width: 299.425px; height: 58px;\">\n<h3><strong>Intention principale<\/strong><\/h3>\n<\/td>\n<\/tr>\n<\/thead>\n<tbody>\n<tr style=\"height: 134px;\">\n<td style=\"width: 150.2px; height: 134px;\">\n<h3><strong>AKASHA<\/strong><\/h3>\n<\/td>\n<td style=\"width: 429.575px; height: 134px; text-align: center;\">\n<h3>Communication avec ton \u00e2me<\/h3>\n<\/td>\n<td style=\"width: 299.425px; height: 134px;\">\n<h3>Recevoir les r\u00e9ponses essentielles et retrouver la clart\u00e9 int\u00e9rieure.<\/h3>\n<\/td>\n<\/tr>\n<tr style=\"height: 134px;\">\n<td style=\"width: 150.2px; height: 134px;\">\n<h3><strong>ALCHIMIE<\/strong><\/h3>\n<\/td>\n<td style=\"width: 429.575px; height: 134px; text-align: center;\">\n<h3>Le premier saut de conscience<\/h3>\n<\/td>\n<td style=\"width: 299.425px; height: 134px;\">\n<h3>Lib\u00e9rer un n\u0153ud karmique et rouvrir ton champ de conscience.<\/h3>\n<\/td>\n<\/tr>\n<tr style=\"height: 134px;\">\n<td style=\"width: 150.2px; height: 134px;\">\n<h3><strong>POLARIS<\/strong><\/h3>\n<\/td>\n<td style=\"width: 429.575px; height: 134px; text-align: center;\">\n<h3>Retrouver ton axe<\/h3>\n<\/td>\n<td style=\"width: 299.425px; height: 134px;\">\n<h3>R\u00e9aligner ton \u00e2me et ta trajectoire de vie ou professionnelle.<\/h3>\n<\/td>\n<\/tr>\n<tr style=\"height: 103px;\">\n<td style=\"width: 150.2px; height: 103px;\">\n<h3><strong>RENAISSANCE<\/strong><\/h3>\n<\/td>\n<td style=\"width: 429.575px; height: 103px; text-align: center;\">\n<h3>M\u00e9tamorphose de l\u2019\u00e2me<\/h3>\n<\/td>\n<td style=\"width: 299.425px; height: 103px;\">\n<h3>R\u00e9\u00e9crire ton histoire et activer ta nouvelle vibration.<\/h3>\n<\/td>\n<\/tr>\n<tr style=\"height: 134px;\">\n<td style=\"width: 150.2px; height: 134px;\">\n<h3><strong>SIGNATURE<\/strong><\/h3>\n<\/td>\n<td style=\"width: 429.575px; height: 134px; text-align: center;\">\n<h3>Le Codex int\u00e9gral<\/h3>\n<\/td>\n<td style=\"width: 299.425px; height: 134px;\">\n<h3>Incarner ta souverainet\u00e9 d\u2019\u00e2me et manifester ton \u0153uvre int\u00e9rieure.<\/h3>\n<\/td>\n<\/tr>\n<\/tbody>\n<\/table>\n<p>[\/et_pb_text][\/et_pb_column][et_pb_column type=\u00a0\u00bb1_2&Prime; _builder_version=\u00a0\u00bb4.20.2&Prime; _module_preset=\u00a0\u00bbdefault\u00a0\u00bb custom_padding=\u00a0\u00bb|0px|||false|false\u00a0\u00bb global_colors_info=\u00a0\u00bb{}\u00a0\u00bb][\/et_pb_column][\/et_pb_row][\/et_pb_section][et_pb_section fb_built=\u00a0\u00bb1&Prime; _builder_version=\u00a0\u00bb4.20.2&Prime; _module_preset=\u00a0\u00bbdefault\u00a0\u00bb custom_padding=\u00a0\u00bb118px|||||\u00a0\u00bb top_divider_style=\u00a0\u00bbarrow3&Prime; top_divider_color=\u00a0\u00bb#E09900&Prime; global_colors_info=\u00a0\u00bb{}\u00a0\u00bb][et_pb_row _builder_version=\u00a0\u00bb4.20.2&Prime; _module_preset=\u00a0\u00bbdefault\u00a0\u00bb global_colors_info=\u00a0\u00bb{}\u00a0\u00bb][et_pb_column type=\u00a0\u00bb4_4&Prime; _builder_version=\u00a0\u00bb4.20.2&Prime; _module_preset=\u00a0\u00bbdefault\u00a0\u00bb global_colors_info=\u00a0\u00bb{}\u00a0\u00bb][et_pb_text _builder_version=\u00a0\u00bb4.20.2&Prime; _module_preset=\u00a0\u00bbdefault\u00a0\u00bb custom_margin=\u00a0\u00bb35px|||||\u00a0\u00bb global_colors_info=\u00a0\u00bb{}\u00a0\u00bb]<\/p>\n<h3><strong>Ce que tu exp\u00e9rimentes<\/strong><\/h3>\n<ul>\n<li>\n<h3>Une <strong>clarification profonde<\/strong> de ta direction int\u00e9rieure<\/h3>\n<\/li>\n<li>\n<h3>Une <strong>lib\u00e9ration des m\u00e9moires<\/strong> qui freinent ton expansion<\/h3>\n<\/li>\n<li>\n<h3>Une <strong>reconnexion tangible<\/strong> \u00e0 ton \u00e9nergie vitale et \u00e0 ta mission d\u2019\u00e2me<\/h3>\n<\/li>\n<li>\n<h3>Une <strong>mise en mouvement concr\u00e8te<\/strong> vers une vie plus fluide, align\u00e9e et inspir\u00e9e<\/h3>\n<\/li>\n<\/ul>\n<p>&nbsp;<\/p>\n<h3><strong>Pour qui ?<\/strong><\/h3>\n<h3>Pour celles et ceux qui aspirent \u00e0 une transformation compl\u00e8te \u2014<br \/>non pas en surface, mais dans la conscience, le c\u0153ur et les actes.<\/h3>\n<h3>Pour les \u00e2mes lucides, pr\u00eates \u00e0 comprendre le sens de leur parcours<br \/>et \u00e0 aligner leur vie avec ce qu\u2019elles sont vraiment.<\/h3>\n<p>&nbsp;<\/p>\n<p>&nbsp;<\/p>\n<p>&nbsp;<\/p>\n<p>&nbsp;<\/p>\n<h3><strong>Pr\u00eat(e) \u00e0 d\u00e9couvrir ton point d\u2019Akasha ?<\/strong><\/h3>\n<h3>Commence par une <strong>S\u00e9ance AKASHA \u2013 Communication avec ton \u00c2me<\/strong><br \/>et laisse la clart\u00e9 \u00e9merger naturellement.<\/h3>\n<p>[\/et_pb_text][et_pb_button button_text=\u00a0\u00bbR\u00e9server ma s\u00e9ance AKASHA\u00a0\u00bb button_alignment=\u00a0\u00bbcenter\u00a0\u00bb _builder_version=\u00a0\u00bb4.20.2&Prime; _module_preset=\u00a0\u00bbdefault\u00a0\u00bb custom_button=\u00a0\u00bbon\u00a0\u00bb button_text_size=\u00a0\u00bb20px\u00a0\u00bb button_border_width=\u00a0\u00bb3px\u00a0\u00bb button_letter_spacing=\u00a0\u00bb1px\u00a0\u00bb button_font=\u00a0\u00bbOpen Sans||||||||\u00a0\u00bb button_icon=\u00a0\u00bb&#x35;||divi||400&Prime; global_colors_info=\u00a0\u00bb{}\u00a0\u00bb][\/et_pb_button][\/et_pb_column][\/et_pb_row][\/et_pb_section]<\/p>\n","protected":false},"excerpt":{"rendered":"<p>COACHING D\u2019\u00c2ME &amp; TRANSFORMATIONLe parcours Mind LeapUne approche d\u2019alchimie int\u00e9grale Chaque s\u00e9ance est une porte.Un passage qui t\u2019am\u00e8ne \u00e0 \u00e9couter, comprendre et r\u00e9\u00e9crire ton histoire d\u2019\u00e2me. Trois piliers fondent cette m\u00e9thode : &nbsp; Hypnose spirituelle \u2013 pour revisiter les origines des sch\u00e9mas r\u00e9p\u00e9titifs et en lib\u00e9rer l\u2019\u00e9nergie. &nbsp; Lecture akashique \u2013 pour recevoir la sagesse [&hellip;]<\/p>\n","protected":false},"author":1,"featured_media":0,"parent":0,"menu_order":2,"comment_status":"closed","ping_status":"closed","template":"","meta":{"_et_pb_use_builder":"on","_et_pb_old_content":"","_et_gb_content_width":"","footnotes":""},"class_list":["post-15","page","type-page","status-publish","hentry"],"_links":{"self":[{"href":"https:\/\/imannalight.com\/index.php\/wp-json\/wp\/v2\/pages\/15","targetHints":{"allow":["GET"]}}],"collection":[{"href":"https:\/\/imannalight.com\/index.php\/wp-json\/wp\/v2\/pages"}],"about":[{"href":"https:\/\/imannalight.com\/index.php\/wp-json\/wp\/v2\/types\/page"}],"author":[{"embeddable":true,"href":"https:\/\/imannalight.com\/index.php\/wp-json\/wp\/v2\/users\/1"}],"replies":[{"embeddable":true,"href":"https:\/\/imannalight.com\/index.php\/wp-json\/wp\/v2\/comments?post=15"}],"version-history":[{"count":26,"href":"https:\/\/imannalight.com\/index.php\/wp-json\/wp\/v2\/pages\/15\/revisions"}],"predecessor-version":[{"id":474,"href":"https:\/\/imannalight.com\/index.php\/wp-json\/wp\/v2\/pages\/15\/revisions\/474"}],"wp:attachment":[{"href":"https:\/\/imannalight.com\/index.php\/wp-json\/wp\/v2\/media?parent=15"}],"curies":[{"name":"wp","href":"https:\/\/api.w.org\/{rel}","templated":true}]}}