{"id":20,"date":"2025-10-08T17:35:45","date_gmt":"2025-10-08T17:35:45","guid":{"rendered":"https:\/\/imannalight.com\/?page_id=20"},"modified":"2026-01-21T15:26:20","modified_gmt":"2026-01-21T15:26:20","slug":"a-propos-dimanna","status":"publish","type":"page","link":"https:\/\/imannalight.com\/index.php\/a-propos-dimanna\/","title":{"rendered":"A propos d&rsquo;Imanna"},"content":{"rendered":"<p>[et_pb_section fb_built=\u00a0\u00bb1&Prime; _builder_version=\u00a0\u00bb4.20.2&Prime; _module_preset=\u00a0\u00bbdefault\u00a0\u00bb global_colors_info=\u00a0\u00bb{}\u00a0\u00bb][et_pb_row _builder_version=\u00a0\u00bb4.20.2&Prime; _module_preset=\u00a0\u00bbdefault\u00a0\u00bb global_colors_info=\u00a0\u00bb{}\u00a0\u00bb custom_margin=\u00a0\u00bb|auto||308px||\u00a0\u00bb][et_pb_column type=\u00a0\u00bb4_4&Prime; _builder_version=\u00a0\u00bb4.20.2&Prime; _module_preset=\u00a0\u00bbdefault\u00a0\u00bb global_colors_info=\u00a0\u00bb{}\u00a0\u00bb][et_pb_text _builder_version=\u00a0\u00bb4.20.2&Prime; _module_preset=\u00a0\u00bbdefault\u00a0\u00bb global_colors_info=\u00a0\u00bb{}\u00a0\u00bb]<\/p>\n<p><em><\/em><\/p>\n<p><em><\/em><\/p>\n<p><em><\/em><\/p>\n<p><em><\/em><\/p>\n<p><em><\/em><\/p>\n<p><em><\/em><\/p>\n<h2><strong><em>Alchimiste de l\u2019\u00c2me &amp; Gardienne de la Conscience Cristalline<\/em><\/strong><\/h2>\n<p><strong><\/strong><\/p>\n<p><strong><\/strong><\/p>\n<p><strong><\/strong><\/p>\n<p><strong>QUI JE SUIS<\/strong><\/p>\n<p>Je suis revenue pour faire dialoguer la sagesse du cristal et la conscience de l\u2019humain.<br \/>Mon \u0153uvre est une passerelle entre les mondes : entre le visible et l\u2019invisible, la science et le sacr\u00e9, la m\u00e9moire et la cr\u00e9ation.<\/p>\n<p>En 2009, un chaman Maya Lacandon m\u2019a confi\u00e9 un cr\u00e2ne de cristal nomm\u00e9 <strong>Kin Batz<\/strong>.<br \/>Ce jour-l\u00e0, ma vie a bascul\u00e9 : j\u2019ai commenc\u00e9 \u00e0 canaliser les enseignements de la <strong>Crystal Team<\/strong>, conscience collective reli\u00e9e aux plans cristallins et aux m\u00e9moires de l\u2019humanit\u00e9.<\/p>\n<p>Depuis, j\u2019accompagne les \u00e2mes \u00e0 retrouver leur clart\u00e9, leur souverainet\u00e9 et leur mission d\u2019incarnation.<br \/>Mon r\u00f4le n\u2019est pas d\u2019enseigner, mais de <strong>r\u00e9veiller<\/strong> \u2014<br \/>d\u2019aider chaque \u00eatre \u00e0 se souvenir de sa lumi\u00e8re d\u2019origine et \u00e0 l\u2019incarner pleinement sur Terre.<\/p>\n<p><strong>MON PARCOURS<\/strong><\/p>\n<p>H\u00f4tesse de l\u2019air, fondatrice d\u2019une \u00e9cole de coaching en image, formatrice, puis th\u00e9rapeute karmique et alchimiste de l\u2019\u00e2me\u2026<br \/>Chaque \u00e9tape de ma vie a \u00e9t\u00e9 une initiation : unir la beaut\u00e9 du visible et la sagesse du subtil.<\/p>\n<p>J\u2019ai accompagn\u00e9 des centaines d\u2019\u00e2mes dans des retraites et voyages initiatiques : \u00c9gypte, Mexique, Bali, Tunisie, N\u00e9pal, Tahiti\u2026<br \/>\u00c0 chaque lieu, les cr\u00e2nes de cristal, les temples et les \u00e9l\u00e9ments ont parl\u00e9 \u2014<br \/>et \u00e0 chaque voyage, la Conscience Cristalline s\u2019est un peu plus incarn\u00e9e dans la mati\u00e8re.<\/p>\n<p><strong>MA MISSION<\/strong><\/p>\n<p>Nous vivons un tournant de l\u2019humanit\u00e9.<br \/>Les vieilles \u00e2mes se r\u00e9veillent, les lign\u00e9es se reconnectent, la conscience devient cristalline.<br \/>Mon r\u00f4le : r\u00e9activer cette m\u00e9moire,<br \/>pour aider chacun \u00e0 vivre dans la <strong>transparence du c\u0153ur<\/strong>, la <strong>clart\u00e9 du mental<\/strong> et la <strong>paix du corps<\/strong>.<\/p>\n<p><strong>MA VISION<\/strong><\/p>\n<p>Nous entrons dans un temps nouveau \u2014 celui o\u00f9 la science, la spiritualit\u00e9 et la beaut\u00e9 cessent de s\u2019opposer.<br \/>L\u2019\u00e8re du cristal n\u2019est pas une l\u00e9gende ancienne : c\u2019est la conscience claire, incarn\u00e9e, rayonnante, que chacun peut retrouver.<br \/>Mon souhait est de former une humanit\u00e9 de lumi\u00e8re : des \u00eatres debout, conscients, reli\u00e9s \u00e0 leur v\u00e9rit\u00e9.<\/p>\n<p><strong>MES ESPACES DE TRANSFORMATION<\/strong><\/p>\n<ul>\n<li><strong>Mind Leap \u2013 Alchimie<\/strong> : lib\u00e9ration karmique et saut de conscience<\/li>\n<li><strong>L\u2019Odyss\u00e9e Sacr\u00e9e vers l\u2019Abondance<\/strong> : reconnexion au flux du f\u00e9minin et \u00e0 la prosp\u00e9rit\u00e9 consciente<\/li>\n<li><strong>Souveraine \u2013 Les Femmes Lumi\u00e8re<\/strong> : incarnation de la royaut\u00e9 de l\u2019\u00e2me<\/li>\n<li><strong>Retraites &amp; Voyages<\/strong> : activation de la m\u00e9moire cristalline sur les lieux sacr\u00e9s<\/li>\n<\/ul>\n<p><strong>MON ENGAGEMENT<\/strong><\/p>\n<p>Aucun chemin n\u2019est identique, mais tous m\u00e8nent vers la clart\u00e9.<br \/>J\u2019offre un accompagnement \u00e0 la fois pr\u00e9cis et intuitif, o\u00f9 science de l\u2019\u00e2me et guidance du c\u0153ur s\u2019unissent pour r\u00e9v\u00e9ler ta lumi\u00e8re.<\/p>\n<p><strong>MA SIGNATURE<\/strong><\/p>\n<p><strong>Lib\u00e8re ton pass\u00e9, r\u00e9v\u00e8le ta lumi\u00e8re, cr\u00e9e l\u2019abondance.<\/strong><br \/>Et souviens-toi de qui tu es vraiment.<\/p>\n<p><strong>ENTRER EN CONTACT<\/strong><\/p>\n<p>Tu veux en savoir plus sur mes accompagnements, mes voyages ou mes retraites ?<br \/>Je t\u2019invite \u00e0 r\u00e9server un appel d\u00e9couverte \u2014 un moment d\u2019\u00e9coute, de clart\u00e9 et de guidance.<\/p>\n<p>&nbsp;<\/p>\n<p>&nbsp;<\/p>\n<p>&nbsp;<\/p>\n<p>[\/et_pb_text][et_pb_button button_text=\u00a0\u00bbR\u00e9server mon appel d\u00e9couverte\u00a0\u00bb button_alignment=\u00a0\u00bbcenter\u00a0\u00bb _builder_version=\u00a0\u00bb4.20.2&Prime; _module_preset=\u00a0\u00bbdefault\u00a0\u00bb global_colors_info=\u00a0\u00bb{}\u00a0\u00bb][\/et_pb_button][\/et_pb_column][\/et_pb_row][\/et_pb_section]<\/p>\n","protected":false},"excerpt":{"rendered":"<p>Alchimiste de l\u2019\u00c2me &amp; Gardienne de la Conscience Cristalline QUI JE SUIS Je suis revenue pour faire dialoguer la sagesse du cristal et la conscience de l\u2019humain.Mon \u0153uvre est une passerelle entre les mondes : entre le visible et l\u2019invisible, la science et le sacr\u00e9, la m\u00e9moire et la cr\u00e9ation. En 2009, un chaman Maya [&hellip;]<\/p>\n","protected":false},"author":1,"featured_media":0,"parent":0,"menu_order":3,"comment_status":"closed","ping_status":"closed","template":"","meta":{"_et_pb_use_builder":"on","_et_pb_old_content":"","_et_gb_content_width":"","footnotes":""},"class_list":["post-20","page","type-page","status-publish","hentry"],"_links":{"self":[{"href":"https:\/\/imannalight.com\/index.php\/wp-json\/wp\/v2\/pages\/20","targetHints":{"allow":["GET"]}}],"collection":[{"href":"https:\/\/imannalight.com\/index.php\/wp-json\/wp\/v2\/pages"}],"about":[{"href":"https:\/\/imannalight.com\/index.php\/wp-json\/wp\/v2\/types\/page"}],"author":[{"embeddable":true,"href":"https:\/\/imannalight.com\/index.php\/wp-json\/wp\/v2\/users\/1"}],"replies":[{"embeddable":true,"href":"https:\/\/imannalight.com\/index.php\/wp-json\/wp\/v2\/comments?post=20"}],"version-history":[{"count":7,"href":"https:\/\/imannalight.com\/index.php\/wp-json\/wp\/v2\/pages\/20\/revisions"}],"predecessor-version":[{"id":521,"href":"https:\/\/imannalight.com\/index.php\/wp-json\/wp\/v2\/pages\/20\/revisions\/521"}],"wp:attachment":[{"href":"https:\/\/imannalight.com\/index.php\/wp-json\/wp\/v2\/media?parent=20"}],"curies":[{"name":"wp","href":"https:\/\/api.w.org\/{rel}","templated":true}]}}