{"id":29,"date":"2025-10-08T17:36:40","date_gmt":"2025-10-08T17:36:40","guid":{"rendered":"https:\/\/imannalight.com\/?page_id=29"},"modified":"2026-02-03T13:55:01","modified_gmt":"2026-02-03T13:55:01","slug":"voyages-et-retraites","status":"publish","type":"page","link":"https:\/\/imannalight.com\/index.php\/voyages-et-retraites\/","title":{"rendered":"Voyages \u00a7 Retraites"},"content":{"rendered":"<p>[et_pb_section fb_built=\u00a0\u00bb1&Prime; _builder_version=\u00a0\u00bb4.20.2&Prime; _module_preset=\u00a0\u00bbdefault\u00a0\u00bb custom_padding=\u00a0\u00bb||11px|||\u00a0\u00bb global_colors_info=\u00a0\u00bb{}\u00a0\u00bb][et_pb_row _builder_version=\u00a0\u00bb4.20.2&Prime; _module_preset=\u00a0\u00bbdefault\u00a0\u00bb global_colors_info=\u00a0\u00bb{}\u00a0\u00bb][et_pb_column type=\u00a0\u00bb4_4&Prime; _builder_version=\u00a0\u00bb4.20.2&Prime; _module_preset=\u00a0\u00bbdefault\u00a0\u00bb global_colors_info=\u00a0\u00bb{}\u00a0\u00bb][et_pb_text _builder_version=\u00a0\u00bb4.20.2&Prime; _module_preset=\u00a0\u00bbdefault\u00a0\u00bb global_colors_info=\u00a0\u00bb{}\u00a0\u00bb]<\/p>\n<h1 style=\"text-align: center;\"><span><strong>Retraite Spirituelle en Tunisie en 2026<\/strong><\/span><\/h1>\n<p>[\/et_pb_text][\/et_pb_column][\/et_pb_row][et_pb_row column_structure=\u00a0\u00bb1_2,1_2&Prime; _builder_version=\u00a0\u00bb4.20.2&Prime; _module_preset=\u00a0\u00bbdefault\u00a0\u00bb global_colors_info=\u00a0\u00bb{}\u00a0\u00bb][et_pb_column type=\u00a0\u00bb1_2&Prime; _builder_version=\u00a0\u00bb4.20.2&Prime; _module_preset=\u00a0\u00bbdefault\u00a0\u00bb global_colors_info=\u00a0\u00bb{}\u00a0\u00bb][et_pb_image src=\u00a0\u00bbhttp:\/\/imannalight.com\/wp-content\/uploads\/2026\/01\/TUNISIE-retraite-spirituelle-2026.jpeg\u00a0\u00bb title_text=\u00a0\u00bbTUNISIE retraite spirituelle 2026&Prime; _builder_version=\u00a0\u00bb4.20.2&Prime; _module_preset=\u00a0\u00bbdefault\u00a0\u00bb global_colors_info=\u00a0\u00bb{}\u00a0\u00bb][\/et_pb_image][\/et_pb_column][et_pb_column type=\u00a0\u00bb1_2&Prime; _builder_version=\u00a0\u00bb4.20.2&Prime; _module_preset=\u00a0\u00bbdefault\u00a0\u00bb global_colors_info=\u00a0\u00bb{}\u00a0\u00bb][et_pb_text _builder_version=\u00a0\u00bb4.20.2&Prime; _module_preset=\u00a0\u00bbdefault\u00a0\u00bb custom_margin=\u00a0\u00bb|||-83px||\u00a0\u00bb global_colors_info=\u00a0\u00bb{}\u00a0\u00bb]<\/p>\n<div class=\"et_pb_module et_pb_text et_pb_text_1  et_pb_text_align_center et_pb_bg_layout_light\">\n<div class=\"et_pb_text_inner\">\n<h1><span style=\"color: #ff9900;\"><strong>La Lign\u00e9e d\u2019Or<\/strong><\/span><\/h1>\n<\/div>\n<\/div>\n<div class=\"et_pb_module et_pb_text et_pb_text_2  et_pb_text_align_center et_pb_bg_layout_light\">\n<div class=\"et_pb_text_inner\">\n<h2><span style=\"color: #e09900;\">Le Retour des Femmes Lumi\u00e8re<\/span><\/h2>\n<\/div>\n<\/div>\n<div class=\"et_pb_module et_pb_text et_pb_text_3  et_pb_text_align_center et_pb_bg_layout_light\">\n<div class=\"et_pb_text_inner\">\n<h2><em>Retraite initiatique en Tunisie pour rena\u00eetre \u00e0 ta puissance et r\u00e9int\u00e9grer tes dons sacr\u00e9s.<\/em><\/h2>\n<h2><\/h2>\n<h2>7\u00a0 jours (6 nuits) de m\u00e9tamorphose spirituelle et vibratoire<\/h2>\n<h3><strong>\u00a0<span style=\"color: #e09900;\">Du 16 au 22 mai 2026\u00a0<\/span><\/strong><\/h3>\n<\/div>\n<\/div>\n<div class=\"et_pb_module et_pb_text et_pb_text_4  et_pb_text_align_justified et_pb_bg_layout_light\">\n<div class=\"et_pb_text_inner\">\n<h4>Une retraite transformatrice hypnotique et spirituelle pour raviver les dons, les gr\u00e2ces et la beaut\u00e9 vibratoire de celles que tu portes encore en toi.<\/h4>\n<h4>Mon offre en Tunisie n\u2019est pas une simple retraite, c\u2019est une<span>\u00a0<\/span><strong>exp\u00e9rience singul\u00e8re et unique au monde<\/strong>.<br \/>Ce que je propose, personne ne le fait : une<span>\u00a0<\/span><strong>m\u00e9tamorphose karmique<\/strong><span>\u00a0<\/span>intense, incarn\u00e9e, c\u00e9l\u00e9br\u00e9e, encadr\u00e9e.<\/h4>\n<\/div>\n<\/div>\n<p>[\/et_pb_text][\/et_pb_column][\/et_pb_row][et_pb_row _builder_version=\u00a0\u00bb4.20.2&Prime; _module_preset=\u00a0\u00bbdefault\u00a0\u00bb global_colors_info=\u00a0\u00bb{}\u00a0\u00bb][et_pb_column type=\u00a0\u00bb4_4&Prime; _builder_version=\u00a0\u00bb4.20.2&Prime; _module_preset=\u00a0\u00bbdefault\u00a0\u00bb global_colors_info=\u00a0\u00bb{}\u00a0\u00bb][et_pb_text _builder_version=\u00a0\u00bb4.20.2&Prime; _module_preset=\u00a0\u00bbdefault\u00a0\u00bb global_colors_info=\u00a0\u00bb{}\u00a0\u00bb]<\/p>\n<h2><span style=\"color: #ff9900;\"><strong>Et si tu renaissais \u00e0 toi-m\u00eame ?<\/strong><\/span><\/h2>\n<h4>Tu as \u00e9t\u00e9 oracle.<br \/>Tu as \u00e9t\u00e9 pr\u00eatresse.<br \/>Tu as \u00e9t\u00e9 gu\u00e9risseuse, souveraine, visionnaire.<\/h4>\n<h4>En toi vivent des dizaines de femmes magnifiques, puissantes, inspir\u00e9es.<br \/>Des femmes d\u2019autres temps, d\u2019autres vies, d\u2019autres mondes.<\/h4>\n<h4>Cette retraite est un<span>\u00a0<\/span><strong>pont lumineux<\/strong>.<br \/>Un passage entre ce que tu as \u00e9t\u00e9,<br \/>ce que tu es aujourd\u2019hui,<br \/>et ce que tu choisis de devenir.<\/h4>\n<h4><strong>Par l\u2019hypnose r\u00e9gressive et spirituelle, les rituels ancestraux,<\/strong><br \/>et sous l\u2019\u00e9gide bienveillante de la d\u00e9esse Tanit,<br \/>tu vas<span>\u00a0<\/span><strong>retrouver les fragments oubli\u00e9s de ta lign\u00e9e de lumi\u00e8re<\/strong>.<\/h4>\n<p>[\/et_pb_text][\/et_pb_column][\/et_pb_row][\/et_pb_section][et_pb_section fb_built=\u00a0\u00bb1&Prime; _builder_version=\u00a0\u00bb4.20.2&Prime; _module_preset=\u00a0\u00bbdefault\u00a0\u00bb background_color=\u00a0\u00bb#E09900&Prime; parallax=\u00a0\u00bbon\u00a0\u00bb global_colors_info=\u00a0\u00bb{}\u00a0\u00bb][et_pb_row column_structure=\u00a0\u00bb1_2,1_2&Prime; _builder_version=\u00a0\u00bb4.20.2&Prime; _module_preset=\u00a0\u00bbdefault\u00a0\u00bb custom_margin=\u00a0\u00bb-24px|auto||auto||\u00a0\u00bb global_colors_info=\u00a0\u00bb{}\u00a0\u00bb][et_pb_column type=\u00a0\u00bb1_2&Prime; _builder_version=\u00a0\u00bb4.20.2&Prime; _module_preset=\u00a0\u00bbdefault\u00a0\u00bb global_colors_info=\u00a0\u00bb{}\u00a0\u00bb][et_pb_text _builder_version=\u00a0\u00bb4.20.2&Prime; _module_preset=\u00a0\u00bbdefault\u00a0\u00bb global_colors_info=\u00a0\u00bb{}\u00a0\u00bb]<\/p>\n<h3><strong>Ce n\u2019est pas un voyage vers le pass\u00e9,\u00a0 \u00a0<span>\u00a0<\/span><\/strong><strong>mais une r\u00e9int\u00e9gration profonde.<br \/><\/strong><br \/>Tu reconnectes aux parts de toi les plus hautes, les plus belles, les plus sages \u2014<br \/>pour<span>\u00a0<\/span><strong>r\u00e9enchanter ton pr\u00e9sent<\/strong><span>\u00a0<\/span>et<span>\u00a0<\/span><strong>co-cr\u00e9er un futur align\u00e9, libre, vibrant de v\u00e9rit\u00e9<\/strong><\/h3>\n<p>[\/et_pb_text][\/et_pb_column][et_pb_column type=\u00a0\u00bb1_2&Prime; _builder_version=\u00a0\u00bb4.20.2&Prime; _module_preset=\u00a0\u00bbdefault\u00a0\u00bb global_colors_info=\u00a0\u00bb{}\u00a0\u00bb][et_pb_text _builder_version=\u00a0\u00bb4.20.2&Prime; _module_preset=\u00a0\u00bbdefault\u00a0\u00bb global_colors_info=\u00a0\u00bb{}\u00a0\u00bb]<\/p>\n<h1 style=\"text-align: center;\"><span style=\"color: #ffffff;\"><strong>Du 16 au 22 Mai 2026<\/strong><\/span><\/h1>\n<h1 style=\"text-align: center;\"><span style=\"color: #ffffff;\"><strong>Cercle de femmes<\/strong><\/span><\/h1>\n<p>[\/et_pb_text][et_pb_button button_text=\u00a0\u00bbJe r\u00e9serve ma place maintenant\u00a0\u00bb button_alignment=\u00a0\u00bbcenter\u00a0\u00bb _builder_version=\u00a0\u00bb4.20.2&Prime; _module_preset=\u00a0\u00bbdefault\u00a0\u00bb custom_button=\u00a0\u00bbon\u00a0\u00bb button_text_color=\u00a0\u00bb#000000&Prime; button_icon=\u00a0\u00bb&#x24;||divi||400&Prime; box_shadow_style=\u00a0\u00bbpreset1&Prime; global_colors_info=\u00a0\u00bb{}\u00a0\u00bb][\/et_pb_button][\/et_pb_column][\/et_pb_row][\/et_pb_section][et_pb_section fb_built=\u00a0\u00bb1&Prime; _builder_version=\u00a0\u00bb4.20.2&Prime; _module_preset=\u00a0\u00bbdefault\u00a0\u00bb global_colors_info=\u00a0\u00bb{}\u00a0\u00bb][et_pb_row column_structure=\u00a0\u00bb1_2,1_2&Prime; _builder_version=\u00a0\u00bb4.20.2&Prime; _module_preset=\u00a0\u00bbdefault\u00a0\u00bb global_colors_info=\u00a0\u00bb{}\u00a0\u00bb][et_pb_column type=\u00a0\u00bb1_2&Prime; _builder_version=\u00a0\u00bb4.20.2&Prime; _module_preset=\u00a0\u00bbdefault\u00a0\u00bb global_colors_info=\u00a0\u00bb{}\u00a0\u00bb][et_pb_text _builder_version=\u00a0\u00bb4.20.2&Prime; _module_preset=\u00a0\u00bbdefault\u00a0\u00bb global_colors_info=\u00a0\u00bb{}\u00a0\u00bb]<\/p>\n<h3 style=\"text-align: center;\"><span><strong><span style=\"color: #ff9900;\">POURQUOI<\/span> <span style=\"color: #ff9900;\">TU VIENS<\/span><\/strong><\/span><\/h3>\n<h4><strong>Tu sens que c\u2019est le moment\u2026<\/strong><\/h4>\n<ul>\n<li>\n<h4>Tu entends un appel int\u00e9rieur \u00e0 rena\u00eetre autrement.<\/h4>\n<\/li>\n<li>\n<h4>Tu veux t\u2019offrir un espace hors du temps pour gu\u00e9rir, te r\u00e9aligner, retrouver ta Lumi\u00e8re.<\/h4>\n<\/li>\n<li>\n<h4>Tu as soif de sororit\u00e9, de rituels, de d\u00e9couvertes, de sens, de plaisir.<\/h4>\n<\/li>\n<li>\n<h4>Tu veux incarner pleinement ta souverainet\u00e9 f\u00e9minine.<\/h4>\n<\/li>\n<\/ul>\n<h3 style=\"text-align: center;\"><span><strong>\u00a0 \u00a0 \u00a0<span style=\"color: #ff9900;\"> C\u2019est une initiation<\/span><\/strong><\/span><\/h3>\n<h3 style=\"text-align: center;\"><span style=\"color: #ff9900;\"><strong>\u00a0 \u00a0 Pas une simple retraite.<\/strong><\/span><\/h3>\n<p>[\/et_pb_text][et_pb_text _builder_version=\u00a0\u00bb4.20.2&Prime; _module_preset=\u00a0\u00bbdefault\u00a0\u00bb global_colors_info=\u00a0\u00bb{}\u00a0\u00bb]<\/p>\n<h3 style=\"text-align: center;\"><span style=\"color: #ff9900;\"><strong>CE QUE TU VAS VIVRE<\/strong><\/span><\/h3>\n<ul>\n<li>\n<h4>7 jours d\u2019<strong>immersion sensorielle, hypnotique<\/strong><span>\u00a0<\/span>et sacr\u00e9e, dans un lieu hors du temps.<\/h4>\n<\/li>\n<li>\n<h4>Un voyage puissant pour retrouver<strong><span>\u00a0<\/span>les parts oubli\u00e9es de toi-m\u00eame, r\u00e9int\u00e9grer leurs dons,<\/strong><span>\u00a0<\/span>et rena\u00eetre unifi\u00e9e.<\/h4>\n<\/li>\n<li>\n<h4>Chaque jour : une<span>\u00a0<\/span><strong>activation de ta m\u00e9moire<\/strong><span>\u00a0<\/span>sacr\u00e9e<\/h4>\n<\/li>\n<li>\n<h4>Chaque nuit : une<span>\u00a0<\/span><strong>int\u00e9gration vibratoire<\/strong><span>\u00a0<\/span>profonde<\/h4>\n<\/li>\n<li>\n<h4>Chaque instant : un pas vers la<span>\u00a0<\/span><strong>Femme Lumi\u00e8re<\/strong><span>\u00a0<\/span>que tu es d\u00e9j\u00e0!<\/h4>\n<\/li>\n<\/ul>\n<p>[\/et_pb_text][\/et_pb_column][et_pb_column type=\u00a0\u00bb1_2&Prime; _builder_version=\u00a0\u00bb4.20.2&Prime; _module_preset=\u00a0\u00bbdefault\u00a0\u00bb global_colors_info=\u00a0\u00bb{}\u00a0\u00bb][et_pb_image src=\u00a0\u00bbhttp:\/\/imannalight.com\/wp-content\/uploads\/2026\/01\/TUNISIE-retraite-spirituelle-2026-1.jpeg\u00a0\u00bb title_text=\u00a0\u00bbTUNISIE retraite spirituelle 2026&Prime; _builder_version=\u00a0\u00bb4.20.2&Prime; _module_preset=\u00a0\u00bbdefault\u00a0\u00bb global_colors_info=\u00a0\u00bb{}\u00a0\u00bb][\/et_pb_image][\/et_pb_column][\/et_pb_row][\/et_pb_section][et_pb_section fb_built=\u00a0\u00bb1&Prime; _builder_version=\u00a0\u00bb4.20.2&Prime; _module_preset=\u00a0\u00bbdefault\u00a0\u00bb custom_padding=\u00a0\u00bb7px|||||\u00a0\u00bb global_colors_info=\u00a0\u00bb{}\u00a0\u00bb][et_pb_row column_structure=\u00a0\u00bb1_2,1_2&Prime; _builder_version=\u00a0\u00bb4.20.2&Prime; _module_preset=\u00a0\u00bbdefault\u00a0\u00bb global_colors_info=\u00a0\u00bb{}\u00a0\u00bb][et_pb_column type=\u00a0\u00bb1_2&Prime; _builder_version=\u00a0\u00bb4.20.2&Prime; _module_preset=\u00a0\u00bbdefault\u00a0\u00bb global_colors_info=\u00a0\u00bb{}\u00a0\u00bb][et_pb_image title_text=\u00a0\u00bbCapture d\u2019e\u0301cran 2025-09-15 a\u0300 19.20.10&Prime; _builder_version=\u00a0\u00bb4.20.2&Prime; _module_preset=\u00a0\u00bbdefault\u00a0\u00bb global_colors_info=\u00a0\u00bb{}\u00a0\u00bb][\/et_pb_image][\/et_pb_column][et_pb_column type=\u00a0\u00bb1_2&Prime; _builder_version=\u00a0\u00bb4.20.2&Prime; _module_preset=\u00a0\u00bbdefault\u00a0\u00bb global_colors_info=\u00a0\u00bb{}\u00a0\u00bb][et_pb_text _builder_version=\u00a0\u00bb4.20.2&Prime; _module_preset=\u00a0\u00bbdefault\u00a0\u00bb global_colors_info=\u00a0\u00bb{}\u00a0\u00bb]<\/p>\n<h3 style=\"text-align: center;\"><strong>Dates :<\/strong><span>\u00a0<\/span>du 16 au 22 mai 2026 (7 jours \/ 6 nuits)<\/h3>\n<h3 style=\"text-align: center;\"><strong>Lieu :<\/strong><span>\u00a0<\/span>Dar Gino \u00e0\u00a0<strong>KELIBIA (Tunisie)<\/strong><\/h3>\n<h4 style=\"text-align: center;\">Cercle de 10 femmes (maximum)<\/h4>\n<p>[\/et_pb_text][\/et_pb_column][\/et_pb_row][\/et_pb_section][et_pb_section fb_built=\u00a0\u00bb1&Prime; _builder_version=\u00a0\u00bb4.20.2&Prime; _module_preset=\u00a0\u00bbdefault\u00a0\u00bb global_colors_info=\u00a0\u00bb{}\u00a0\u00bb][et_pb_row column_structure=\u00a0\u00bb1_2,1_2&Prime; _builder_version=\u00a0\u00bb4.20.2&Prime; _module_preset=\u00a0\u00bbdefault\u00a0\u00bb global_colors_info=\u00a0\u00bb{}\u00a0\u00bb][et_pb_column type=\u00a0\u00bb1_2&Prime; _builder_version=\u00a0\u00bb4.20.2&Prime; _module_preset=\u00a0\u00bbdefault\u00a0\u00bb global_colors_info=\u00a0\u00bb{}\u00a0\u00bb][et_pb_image src=\u00a0\u00bbhttp:\/\/imannalight.com\/wp-content\/uploads\/2026\/01\/546A1489.jpeg\u00a0\u00bb title_text=\u00a0\u00bb546A1489&Prime; _builder_version=\u00a0\u00bb4.20.2&Prime; _module_preset=\u00a0\u00bbdefault\u00a0\u00bb global_colors_info=\u00a0\u00bb{}\u00a0\u00bb][\/et_pb_image][\/et_pb_column][et_pb_column type=\u00a0\u00bb1_2&Prime; _builder_version=\u00a0\u00bb4.20.2&Prime; _module_preset=\u00a0\u00bbdefault\u00a0\u00bb global_colors_info=\u00a0\u00bb{}\u00a0\u00bb][et_pb_image src=\u00a0\u00bbhttp:\/\/imannalight.com\/wp-content\/uploads\/2026\/01\/Lignee-dOr-Tjunisie-avec-Imanna-Light-.jpeg\u00a0\u00bb title_text=\u00a0\u00bbLigne\u0301e d&rsquo;Or &#8211; Tjunisie avec Imanna Light\u00a0\u00bb _builder_version=\u00a0\u00bb4.20.2&Prime; _module_preset=\u00a0\u00bbdefault\u00a0\u00bb custom_padding=\u00a0\u00bb||0px|||\u00a0\u00bb global_colors_info=\u00a0\u00bb{}\u00a0\u00bb][\/et_pb_image][\/et_pb_column][\/et_pb_row][\/et_pb_section][et_pb_section fb_built=\u00a0\u00bb1&Prime; _builder_version=\u00a0\u00bb4.20.2&Prime; _module_preset=\u00a0\u00bbdefault\u00a0\u00bb global_colors_info=\u00a0\u00bb{}\u00a0\u00bb][\/et_pb_section]<\/p>\n","protected":false},"excerpt":{"rendered":"<p>Retraite Spirituelle en Tunisie en 2026 La Lign\u00e9e d\u2019Or Le Retour des Femmes Lumi\u00e8re Retraite initiatique en Tunisie pour rena\u00eetre \u00e0 ta puissance et r\u00e9int\u00e9grer tes dons sacr\u00e9s. 7\u00a0 jours (6 nuits) de m\u00e9tamorphose spirituelle et vibratoire \u00a0Du 16 au 22 mai 2026\u00a0 Une retraite transformatrice hypnotique et spirituelle pour raviver les dons, les gr\u00e2ces [&hellip;]<\/p>\n","protected":false},"author":1,"featured_media":0,"parent":0,"menu_order":4,"comment_status":"closed","ping_status":"closed","template":"","meta":{"_et_pb_use_builder":"on","_et_pb_old_content":"","_et_gb_content_width":"","footnotes":""},"class_list":["post-29","page","type-page","status-publish","hentry"],"_links":{"self":[{"href":"https:\/\/imannalight.com\/index.php\/wp-json\/wp\/v2\/pages\/29","targetHints":{"allow":["GET"]}}],"collection":[{"href":"https:\/\/imannalight.com\/index.php\/wp-json\/wp\/v2\/pages"}],"about":[{"href":"https:\/\/imannalight.com\/index.php\/wp-json\/wp\/v2\/types\/page"}],"author":[{"embeddable":true,"href":"https:\/\/imannalight.com\/index.php\/wp-json\/wp\/v2\/users\/1"}],"replies":[{"embeddable":true,"href":"https:\/\/imannalight.com\/index.php\/wp-json\/wp\/v2\/comments?post=29"}],"version-history":[{"count":14,"href":"https:\/\/imannalight.com\/index.php\/wp-json\/wp\/v2\/pages\/29\/revisions"}],"predecessor-version":[{"id":523,"href":"https:\/\/imannalight.com\/index.php\/wp-json\/wp\/v2\/pages\/29\/revisions\/523"}],"wp:attachment":[{"href":"https:\/\/imannalight.com\/index.php\/wp-json\/wp\/v2\/media?parent=29"}],"curies":[{"name":"wp","href":"https:\/\/api.w.org\/{rel}","templated":true}]}}